{"id":799,"date":"2020-01-27T10:23:14","date_gmt":"2020-01-27T09:23:14","guid":{"rendered":"http:\/\/www.lavillabelange.com\/aux-alentours\/"},"modified":"2021-05-06T10:00:08","modified_gmt":"2021-05-06T08:00:08","slug":"aux-alentours","status":"publish","type":"page","link":"https:\/\/www.lavillabelange.com\/en\/aux-alentours\/","title":{"rendered":"IN THE AREA"},"content":{"rendered":"","protected":false},"excerpt":{"rendered":"","protected":false},"author":4,"featured_media":0,"parent":0,"menu_order":0,"comment_status":"closed","ping_status":"closed","template":"","meta":[],"yoast_head":"<!-- This site is optimized with the Yoast SEO plugin v16.9 - https:\/\/yoast.com\/wordpress\/plugins\/seo\/ -->\n<title>Votre H\u00f4tel en Bretagne avec jacuzzi priv\u00e9 - Villa Bel Ange<\/title>\n<meta name=\"description\" content=\"S\u00e9journez \u00e0 l&#039;H\u00f4tel Villa Bel Ange et profitez de nos chambres avec jacuzzi priv\u00e9 \u00e0 la Trinit\u00e9-sur-mer en Bretagne. Offrez-vous un s\u00e9jour ressour\u00e7ant !\" \/>\n<meta name=\"robots\" content=\"index, follow, max-snippet:-1, max-image-preview:large, max-video-preview:-1\" \/>\n<link rel=\"canonical\" href=\"https:\/\/www.lavillabelange.com\/en\/aux-alentours\/\" \/>\n<meta property=\"og:locale\" content=\"en_US\" \/>\n<meta property=\"og:type\" content=\"article\" \/>\n<meta property=\"og:title\" content=\"Votre H\u00f4tel en Bretagne avec jacuzzi priv\u00e9 - Villa Bel Ange\" \/>\n<meta property=\"og:description\" content=\"S\u00e9journez \u00e0 l&#039;H\u00f4tel Villa Bel Ange et profitez de nos chambres avec jacuzzi priv\u00e9 \u00e0 la Trinit\u00e9-sur-mer en Bretagne. Offrez-vous un s\u00e9jour ressour\u00e7ant !\" \/>\n<meta property=\"og:url\" content=\"https:\/\/www.lavillabelange.com\/en\/aux-alentours\/\" \/>\n<meta property=\"og:site_name\" content=\"H\u00f4tel Villa Bel Ange\" \/>\n<meta property=\"article:modified_time\" content=\"2021-05-06T08:00:08+00:00\" \/>\n<meta name=\"twitter:card\" content=\"summary_large_image\" \/>\n<script type=\"application\/ld+json\" class=\"yoast-schema-graph\">{\"@context\":\"https:\/\/schema.org\",\"@graph\":[{\"@type\":\"WebSite\",\"@id\":\"https:\/\/www.lavillabelange.com\/#website\",\"url\":\"https:\/\/www.lavillabelange.com\/\",\"name\":\"H\\u00f4tel Villa Bel Ange\",\"description\":\"H\\u00f4tel de charme 3 \\u00e9toiles\",\"inLanguage\":\"en-US\"},{\"@type\":\"WebPage\",\"@id\":\"https:\/\/www.lavillabelange.com\/en\/aux-alentours\/#webpage\",\"url\":\"https:\/\/www.lavillabelange.com\/en\/aux-alentours\/\",\"name\":\"Votre H\\u00f4tel en Bretagne avec jacuzzi priv\\u00e9 - Villa Bel Ange\",\"isPartOf\":{\"@id\":\"https:\/\/www.lavillabelange.com\/#website\"},\"datePublished\":\"2020-01-27T09:23:14+00:00\",\"dateModified\":\"2021-05-06T08:00:08+00:00\",\"description\":\"S\\u00e9journez \\u00e0 l'H\\u00f4tel Villa Bel Ange et profitez de nos chambres avec jacuzzi priv\\u00e9 \\u00e0 la Trinit\\u00e9-sur-mer en Bretagne. Offrez-vous un s\\u00e9jour ressour\\u00e7ant !\",\"breadcrumb\":{\"@id\":\"https:\/\/www.lavillabelange.com\/en\/aux-alentours\/#breadcrumb\"},\"inLanguage\":\"en-US\",\"potentialAction\":[{\"@type\":\"ReadAction\",\"target\":[\"https:\/\/www.lavillabelange.com\/en\/aux-alentours\/\"]}]},{\"@type\":\"BreadcrumbList\",\"@id\":\"https:\/\/www.lavillabelange.com\/en\/aux-alentours\/#breadcrumb\",\"itemListElement\":[{\"@type\":\"ListItem\",\"position\":1,\"name\":\"Home\",\"item\":\"https:\/\/www.lavillabelange.com\/en\/\"},{\"@type\":\"ListItem\",\"position\":2,\"name\":\"IN THE AREA\"}]}]}<\/script>\n<!-- \/ Yoast SEO plugin. -->","yoast_head_json":{"title":"Votre H\u00f4tel en Bretagne avec jacuzzi priv\u00e9 - Villa Bel Ange","description":"S\u00e9journez \u00e0 l'H\u00f4tel Villa Bel Ange et profitez de nos chambres avec jacuzzi priv\u00e9 \u00e0 la Trinit\u00e9-sur-mer en Bretagne. Offrez-vous un s\u00e9jour ressour\u00e7ant !","robots":{"index":"index","follow":"follow","max-snippet":"max-snippet:-1","max-image-preview":"max-image-preview:large","max-video-preview":"max-video-preview:-1"},"canonical":"https:\/\/www.lavillabelange.com\/en\/aux-alentours\/","og_locale":"en_US","og_type":"article","og_title":"Votre H\u00f4tel en Bretagne avec jacuzzi priv\u00e9 - Villa Bel Ange","og_description":"S\u00e9journez \u00e0 l'H\u00f4tel Villa Bel Ange et profitez de nos chambres avec jacuzzi priv\u00e9 \u00e0 la Trinit\u00e9-sur-mer en Bretagne. Offrez-vous un s\u00e9jour ressour\u00e7ant !","og_url":"https:\/\/www.lavillabelange.com\/en\/aux-alentours\/","og_site_name":"H\u00f4tel Villa Bel Ange","article_modified_time":"2021-05-06T08:00:08+00:00","twitter_card":"summary_large_image","schema":{"@context":"https:\/\/schema.org","@graph":[{"@type":"WebSite","@id":"https:\/\/www.lavillabelange.com\/#website","url":"https:\/\/www.lavillabelange.com\/","name":"H\u00f4tel Villa Bel Ange","description":"H\u00f4tel de charme 3 \u00e9toiles","inLanguage":"en-US"},{"@type":"WebPage","@id":"https:\/\/www.lavillabelange.com\/en\/aux-alentours\/#webpage","url":"https:\/\/www.lavillabelange.com\/en\/aux-alentours\/","name":"Votre H\u00f4tel en Bretagne avec jacuzzi priv\u00e9 - Villa Bel Ange","isPartOf":{"@id":"https:\/\/www.lavillabelange.com\/#website"},"datePublished":"2020-01-27T09:23:14+00:00","dateModified":"2021-05-06T08:00:08+00:00","description":"S\u00e9journez \u00e0 l'H\u00f4tel Villa Bel Ange et profitez de nos chambres avec jacuzzi priv\u00e9 \u00e0 la Trinit\u00e9-sur-mer en Bretagne. Offrez-vous un s\u00e9jour ressour\u00e7ant !","breadcrumb":{"@id":"https:\/\/www.lavillabelange.com\/en\/aux-alentours\/#breadcrumb"},"inLanguage":"en-US","potentialAction":[{"@type":"ReadAction","target":["https:\/\/www.lavillabelange.com\/en\/aux-alentours\/"]}]},{"@type":"BreadcrumbList","@id":"https:\/\/www.lavillabelange.com\/en\/aux-alentours\/#breadcrumb","itemListElement":[{"@type":"ListItem","position":1,"name":"Home","item":"https:\/\/www.lavillabelange.com\/en\/"},{"@type":"ListItem","position":2,"name":"IN THE AREA"}]}]}},"_links":{"self":[{"href":"https:\/\/www.lavillabelange.com\/en\/wp-json\/wp\/v2\/pages\/799"}],"collection":[{"href":"https:\/\/www.lavillabelange.com\/en\/wp-json\/wp\/v2\/pages"}],"about":[{"href":"https:\/\/www.lavillabelange.com\/en\/wp-json\/wp\/v2\/types\/page"}],"author":[{"embeddable":true,"href":"https:\/\/www.lavillabelange.com\/en\/wp-json\/wp\/v2\/users\/4"}],"replies":[{"embeddable":true,"href":"https:\/\/www.lavillabelange.com\/en\/wp-json\/wp\/v2\/comments?post=799"}],"version-history":[{"count":4,"href":"https:\/\/www.lavillabelange.com\/en\/wp-json\/wp\/v2\/pages\/799\/revisions"}],"predecessor-version":[{"id":806,"href":"https:\/\/www.lavillabelange.com\/en\/wp-json\/wp\/v2\/pages\/799\/revisions\/806"}],"wp:attachment":[{"href":"https:\/\/www.lavillabelange.com\/en\/wp-json\/wp\/v2\/media?parent=799"}],"curies":[{"name":"wp","href":"https:\/\/api.w.org\/{rel}","templated":true}]}}