{"id":786,"date":"2019-12-04T13:30:57","date_gmt":"2019-12-04T12:30:57","guid":{"rendered":"http:\/\/www.lavillabelange.com\/receptions-familiales-mariages\/"},"modified":"2021-06-29T17:10:25","modified_gmt":"2021-06-29T15:10:25","slug":"receptions-familiales-mariages","status":"publish","type":"page","link":"https:\/\/www.lavillabelange.com\/en\/receptions-familiales-mariages\/","title":{"rendered":"FAMILY EVENTS \u2013 WEDDINGS"},"content":{"rendered":"","protected":false},"excerpt":{"rendered":"","protected":false},"author":6,"featured_media":0,"parent":0,"menu_order":0,"comment_status":"closed","ping_status":"closed","template":"","meta":[],"yoast_head":"<!-- This site is optimized with the Yoast SEO plugin v16.9 - https:\/\/yoast.com\/wordpress\/plugins\/seo\/ -->\n<title>Louez une villa pour votre mariage en Bretagne - H\u00f4tel Villa Bel Ange<\/title>\n<meta name=\"description\" content=\"Vous souhaitez organiser votre mariage dans un cadre de r\u00eave en Bretagne ? Choisissez la Villa Bel Ange, avec une jolie vue sur la mer.\" \/>\n<meta name=\"robots\" content=\"index, follow, max-snippet:-1, max-image-preview:large, max-video-preview:-1\" \/>\n<link rel=\"canonical\" href=\"https:\/\/www.lavillabelange.com\/en\/receptions-familiales-mariages\/\" \/>\n<meta property=\"og:locale\" content=\"en_US\" \/>\n<meta property=\"og:type\" content=\"article\" \/>\n<meta property=\"og:title\" content=\"Louez une villa pour votre mariage en Bretagne - H\u00f4tel Villa Bel Ange\" \/>\n<meta property=\"og:description\" content=\"Vous souhaitez organiser votre mariage dans un cadre de r\u00eave en Bretagne ? Choisissez la Villa Bel Ange, avec une jolie vue sur la mer.\" \/>\n<meta property=\"og:url\" content=\"https:\/\/www.lavillabelange.com\/en\/receptions-familiales-mariages\/\" \/>\n<meta property=\"og:site_name\" content=\"H\u00f4tel Villa Bel Ange\" \/>\n<meta property=\"article:modified_time\" content=\"2021-06-29T15:10:25+00:00\" \/>\n<meta name=\"twitter:card\" content=\"summary_large_image\" \/>\n<script type=\"application\/ld+json\" class=\"yoast-schema-graph\">{\"@context\":\"https:\/\/schema.org\",\"@graph\":[{\"@type\":\"WebSite\",\"@id\":\"https:\/\/www.lavillabelange.com\/#website\",\"url\":\"https:\/\/www.lavillabelange.com\/\",\"name\":\"H\\u00f4tel Villa Bel Ange\",\"description\":\"H\\u00f4tel de charme 3 \\u00e9toiles\",\"inLanguage\":\"en-US\"},{\"@type\":\"WebPage\",\"@id\":\"https:\/\/www.lavillabelange.com\/en\/receptions-familiales-mariages\/#webpage\",\"url\":\"https:\/\/www.lavillabelange.com\/en\/receptions-familiales-mariages\/\",\"name\":\"Louez une villa pour votre mariage en Bretagne - H\\u00f4tel Villa Bel Ange\",\"isPartOf\":{\"@id\":\"https:\/\/www.lavillabelange.com\/#website\"},\"datePublished\":\"2019-12-04T12:30:57+00:00\",\"dateModified\":\"2021-06-29T15:10:25+00:00\",\"description\":\"Vous souhaitez organiser votre mariage dans un cadre de r\\u00eave en Bretagne ? Choisissez la Villa Bel Ange, avec une jolie vue sur la mer.\",\"breadcrumb\":{\"@id\":\"https:\/\/www.lavillabelange.com\/en\/receptions-familiales-mariages\/#breadcrumb\"},\"inLanguage\":\"en-US\",\"potentialAction\":[{\"@type\":\"ReadAction\",\"target\":[\"https:\/\/www.lavillabelange.com\/en\/receptions-familiales-mariages\/\"]}]},{\"@type\":\"BreadcrumbList\",\"@id\":\"https:\/\/www.lavillabelange.com\/en\/receptions-familiales-mariages\/#breadcrumb\",\"itemListElement\":[{\"@type\":\"ListItem\",\"position\":1,\"name\":\"Home\",\"item\":\"https:\/\/www.lavillabelange.com\/en\/\"},{\"@type\":\"ListItem\",\"position\":2,\"name\":\"FAMILY EVENTS \\u2013 WEDDINGS\"}]}]}<\/script>\n<!-- \/ Yoast SEO plugin. -->","yoast_head_json":{"title":"Louez une villa pour votre mariage en Bretagne - H\u00f4tel Villa Bel Ange","description":"Vous souhaitez organiser votre mariage dans un cadre de r\u00eave en Bretagne ? Choisissez la Villa Bel Ange, avec une jolie vue sur la mer.","robots":{"index":"index","follow":"follow","max-snippet":"max-snippet:-1","max-image-preview":"max-image-preview:large","max-video-preview":"max-video-preview:-1"},"canonical":"https:\/\/www.lavillabelange.com\/en\/receptions-familiales-mariages\/","og_locale":"en_US","og_type":"article","og_title":"Louez une villa pour votre mariage en Bretagne - H\u00f4tel Villa Bel Ange","og_description":"Vous souhaitez organiser votre mariage dans un cadre de r\u00eave en Bretagne ? Choisissez la Villa Bel Ange, avec une jolie vue sur la mer.","og_url":"https:\/\/www.lavillabelange.com\/en\/receptions-familiales-mariages\/","og_site_name":"H\u00f4tel Villa Bel Ange","article_modified_time":"2021-06-29T15:10:25+00:00","twitter_card":"summary_large_image","schema":{"@context":"https:\/\/schema.org","@graph":[{"@type":"WebSite","@id":"https:\/\/www.lavillabelange.com\/#website","url":"https:\/\/www.lavillabelange.com\/","name":"H\u00f4tel Villa Bel Ange","description":"H\u00f4tel de charme 3 \u00e9toiles","inLanguage":"en-US"},{"@type":"WebPage","@id":"https:\/\/www.lavillabelange.com\/en\/receptions-familiales-mariages\/#webpage","url":"https:\/\/www.lavillabelange.com\/en\/receptions-familiales-mariages\/","name":"Louez une villa pour votre mariage en Bretagne - H\u00f4tel Villa Bel Ange","isPartOf":{"@id":"https:\/\/www.lavillabelange.com\/#website"},"datePublished":"2019-12-04T12:30:57+00:00","dateModified":"2021-06-29T15:10:25+00:00","description":"Vous souhaitez organiser votre mariage dans un cadre de r\u00eave en Bretagne ? Choisissez la Villa Bel Ange, avec une jolie vue sur la mer.","breadcrumb":{"@id":"https:\/\/www.lavillabelange.com\/en\/receptions-familiales-mariages\/#breadcrumb"},"inLanguage":"en-US","potentialAction":[{"@type":"ReadAction","target":["https:\/\/www.lavillabelange.com\/en\/receptions-familiales-mariages\/"]}]},{"@type":"BreadcrumbList","@id":"https:\/\/www.lavillabelange.com\/en\/receptions-familiales-mariages\/#breadcrumb","itemListElement":[{"@type":"ListItem","position":1,"name":"Home","item":"https:\/\/www.lavillabelange.com\/en\/"},{"@type":"ListItem","position":2,"name":"FAMILY EVENTS \u2013 WEDDINGS"}]}]}},"_links":{"self":[{"href":"https:\/\/www.lavillabelange.com\/en\/wp-json\/wp\/v2\/pages\/786"}],"collection":[{"href":"https:\/\/www.lavillabelange.com\/en\/wp-json\/wp\/v2\/pages"}],"about":[{"href":"https:\/\/www.lavillabelange.com\/en\/wp-json\/wp\/v2\/types\/page"}],"author":[{"embeddable":true,"href":"https:\/\/www.lavillabelange.com\/en\/wp-json\/wp\/v2\/users\/6"}],"replies":[{"embeddable":true,"href":"https:\/\/www.lavillabelange.com\/en\/wp-json\/wp\/v2\/comments?post=786"}],"version-history":[{"count":6,"href":"https:\/\/www.lavillabelange.com\/en\/wp-json\/wp\/v2\/pages\/786\/revisions"}],"predecessor-version":[{"id":1094,"href":"https:\/\/www.lavillabelange.com\/en\/wp-json\/wp\/v2\/pages\/786\/revisions\/1094"}],"wp:attachment":[{"href":"https:\/\/www.lavillabelange.com\/en\/wp-json\/wp\/v2\/media?parent=786"}],"curies":[{"name":"wp","href":"https:\/\/api.w.org\/{rel}","templated":true}]}}