{"id":774,"date":"2019-11-18T10:39:52","date_gmt":"2019-11-18T09:39:52","guid":{"rendered":"http:\/\/www.lavillabelange.com\/contact\/"},"modified":"2021-05-06T12:28:24","modified_gmt":"2021-05-06T10:28:24","slug":"contact","status":"publish","type":"page","link":"https:\/\/www.lavillabelange.com\/en\/contact\/","title":{"rendered":"Contact"},"content":{"rendered":"","protected":false},"excerpt":{"rendered":"","protected":false},"author":1,"featured_media":0,"parent":0,"menu_order":0,"comment_status":"closed","ping_status":"closed","template":"contact.php","meta":[],"yoast_head":"<!-- This site is optimized with the Yoast SEO plugin v16.9 - https:\/\/yoast.com\/wordpress\/plugins\/seo\/ -->\n<title>H\u00f4tel avec jacuzzi \u00e0 La Trinit\u00e9-sur-mer - Villa Bel Ange<\/title>\n<meta name=\"description\" content=\"S\u00e9journez \u00e0 l&#039;H\u00f4tel Villa Bel Ange, avec son jacuzzi \u00e0 La Trinit\u00e9-sur-mer. Profitez d&#039;une ambiance cocooning et paisible en bord de mer.\" \/>\n<meta name=\"robots\" content=\"index, follow, max-snippet:-1, max-image-preview:large, max-video-preview:-1\" \/>\n<link rel=\"canonical\" href=\"https:\/\/www.lavillabelange.com\/en\/contact\/\" \/>\n<meta property=\"og:locale\" content=\"en_US\" \/>\n<meta property=\"og:type\" content=\"article\" \/>\n<meta property=\"og:title\" content=\"H\u00f4tel avec jacuzzi \u00e0 La Trinit\u00e9-sur-mer - Villa Bel Ange\" \/>\n<meta property=\"og:description\" content=\"S\u00e9journez \u00e0 l&#039;H\u00f4tel Villa Bel Ange, avec son jacuzzi \u00e0 La Trinit\u00e9-sur-mer. Profitez d&#039;une ambiance cocooning et paisible en bord de mer.\" \/>\n<meta property=\"og:url\" content=\"https:\/\/www.lavillabelange.com\/en\/contact\/\" \/>\n<meta property=\"og:site_name\" content=\"H\u00f4tel Villa Bel Ange\" \/>\n<meta property=\"article:modified_time\" content=\"2021-05-06T10:28:24+00:00\" \/>\n<meta name=\"twitter:card\" content=\"summary_large_image\" \/>\n<script type=\"application\/ld+json\" class=\"yoast-schema-graph\">{\"@context\":\"https:\/\/schema.org\",\"@graph\":[{\"@type\":\"WebSite\",\"@id\":\"https:\/\/www.lavillabelange.com\/#website\",\"url\":\"https:\/\/www.lavillabelange.com\/\",\"name\":\"H\\u00f4tel Villa Bel Ange\",\"description\":\"H\\u00f4tel de charme 3 \\u00e9toiles\",\"inLanguage\":\"en-US\"},{\"@type\":\"WebPage\",\"@id\":\"https:\/\/www.lavillabelange.com\/en\/contact\/#webpage\",\"url\":\"https:\/\/www.lavillabelange.com\/en\/contact\/\",\"name\":\"H\\u00f4tel avec jacuzzi \\u00e0 La Trinit\\u00e9-sur-mer - Villa Bel Ange\",\"isPartOf\":{\"@id\":\"https:\/\/www.lavillabelange.com\/#website\"},\"datePublished\":\"2019-11-18T09:39:52+00:00\",\"dateModified\":\"2021-05-06T10:28:24+00:00\",\"description\":\"S\\u00e9journez \\u00e0 l'H\\u00f4tel Villa Bel Ange, avec son jacuzzi \\u00e0 La Trinit\\u00e9-sur-mer. Profitez d'une ambiance cocooning et paisible en bord de mer.\",\"breadcrumb\":{\"@id\":\"https:\/\/www.lavillabelange.com\/en\/contact\/#breadcrumb\"},\"inLanguage\":\"en-US\",\"potentialAction\":[{\"@type\":\"ReadAction\",\"target\":[\"https:\/\/www.lavillabelange.com\/en\/contact\/\"]}]},{\"@type\":\"BreadcrumbList\",\"@id\":\"https:\/\/www.lavillabelange.com\/en\/contact\/#breadcrumb\",\"itemListElement\":[{\"@type\":\"ListItem\",\"position\":1,\"name\":\"Home\",\"item\":\"https:\/\/www.lavillabelange.com\/en\/\"},{\"@type\":\"ListItem\",\"position\":2,\"name\":\"Contact\"}]}]}<\/script>\n<!-- \/ Yoast SEO plugin. -->","yoast_head_json":{"title":"H\u00f4tel avec jacuzzi \u00e0 La Trinit\u00e9-sur-mer - Villa Bel Ange","description":"S\u00e9journez \u00e0 l'H\u00f4tel Villa Bel Ange, avec son jacuzzi \u00e0 La Trinit\u00e9-sur-mer. Profitez d'une ambiance cocooning et paisible en bord de mer.","robots":{"index":"index","follow":"follow","max-snippet":"max-snippet:-1","max-image-preview":"max-image-preview:large","max-video-preview":"max-video-preview:-1"},"canonical":"https:\/\/www.lavillabelange.com\/en\/contact\/","og_locale":"en_US","og_type":"article","og_title":"H\u00f4tel avec jacuzzi \u00e0 La Trinit\u00e9-sur-mer - Villa Bel Ange","og_description":"S\u00e9journez \u00e0 l'H\u00f4tel Villa Bel Ange, avec son jacuzzi \u00e0 La Trinit\u00e9-sur-mer. Profitez d'une ambiance cocooning et paisible en bord de mer.","og_url":"https:\/\/www.lavillabelange.com\/en\/contact\/","og_site_name":"H\u00f4tel Villa Bel Ange","article_modified_time":"2021-05-06T10:28:24+00:00","twitter_card":"summary_large_image","schema":{"@context":"https:\/\/schema.org","@graph":[{"@type":"WebSite","@id":"https:\/\/www.lavillabelange.com\/#website","url":"https:\/\/www.lavillabelange.com\/","name":"H\u00f4tel Villa Bel Ange","description":"H\u00f4tel de charme 3 \u00e9toiles","inLanguage":"en-US"},{"@type":"WebPage","@id":"https:\/\/www.lavillabelange.com\/en\/contact\/#webpage","url":"https:\/\/www.lavillabelange.com\/en\/contact\/","name":"H\u00f4tel avec jacuzzi \u00e0 La Trinit\u00e9-sur-mer - Villa Bel Ange","isPartOf":{"@id":"https:\/\/www.lavillabelange.com\/#website"},"datePublished":"2019-11-18T09:39:52+00:00","dateModified":"2021-05-06T10:28:24+00:00","description":"S\u00e9journez \u00e0 l'H\u00f4tel Villa Bel Ange, avec son jacuzzi \u00e0 La Trinit\u00e9-sur-mer. Profitez d'une ambiance cocooning et paisible en bord de mer.","breadcrumb":{"@id":"https:\/\/www.lavillabelange.com\/en\/contact\/#breadcrumb"},"inLanguage":"en-US","potentialAction":[{"@type":"ReadAction","target":["https:\/\/www.lavillabelange.com\/en\/contact\/"]}]},{"@type":"BreadcrumbList","@id":"https:\/\/www.lavillabelange.com\/en\/contact\/#breadcrumb","itemListElement":[{"@type":"ListItem","position":1,"name":"Home","item":"https:\/\/www.lavillabelange.com\/en\/"},{"@type":"ListItem","position":2,"name":"Contact"}]}]}},"_links":{"self":[{"href":"https:\/\/www.lavillabelange.com\/en\/wp-json\/wp\/v2\/pages\/774"}],"collection":[{"href":"https:\/\/www.lavillabelange.com\/en\/wp-json\/wp\/v2\/pages"}],"about":[{"href":"https:\/\/www.lavillabelange.com\/en\/wp-json\/wp\/v2\/types\/page"}],"author":[{"embeddable":true,"href":"https:\/\/www.lavillabelange.com\/en\/wp-json\/wp\/v2\/users\/1"}],"replies":[{"embeddable":true,"href":"https:\/\/www.lavillabelange.com\/en\/wp-json\/wp\/v2\/comments?post=774"}],"version-history":[{"count":1,"href":"https:\/\/www.lavillabelange.com\/en\/wp-json\/wp\/v2\/pages\/774\/revisions"}],"predecessor-version":[{"id":775,"href":"https:\/\/www.lavillabelange.com\/en\/wp-json\/wp\/v2\/pages\/774\/revisions\/775"}],"wp:attachment":[{"href":"https:\/\/www.lavillabelange.com\/en\/wp-json\/wp\/v2\/media?parent=774"}],"curies":[{"name":"wp","href":"https:\/\/api.w.org\/{rel}","templated":true}]}}