{"id":770,"date":"2019-11-18T10:39:24","date_gmt":"2019-11-18T09:39:24","guid":{"rendered":"http:\/\/www.lavillabelange.com\/accueil\/"},"modified":"2024-10-06T14:57:07","modified_gmt":"2024-10-06T12:57:07","slug":"home","status":"publish","type":"page","link":"https:\/\/www.lavillabelange.com\/en\/","title":{"rendered":"HOME"},"content":{"rendered":"","protected":false},"excerpt":{"rendered":"","protected":false},"author":1,"featured_media":0,"parent":0,"menu_order":0,"comment_status":"closed","ping_status":"closed","template":"home.php","meta":[],"yoast_head":"<!-- This site is optimized with the Yoast SEO plugin v16.9 - https:\/\/yoast.com\/wordpress\/plugins\/seo\/ -->\n<title>Your 3 star hotel Villa Bel Ange in La Trinit\u00e9-sur-Mer<\/title>\n<meta name=\"description\" content=\"Stay in our 3 star hotel in La Trinit\u00e9-sur-Mer. A peaceful and cosy place in the heart of Brittany. Discover quickly our Villa !\" \/>\n<meta name=\"robots\" content=\"index, follow, max-snippet:-1, max-image-preview:large, max-video-preview:-1\" \/>\n<link rel=\"canonical\" href=\"https:\/\/www.lavillabelange.com\/en\/\" \/>\n<meta property=\"og:locale\" content=\"en_US\" \/>\n<meta property=\"og:type\" content=\"article\" \/>\n<meta property=\"og:title\" content=\"Your 3 star hotel Villa Bel Ange in La Trinit\u00e9-sur-Mer\" \/>\n<meta property=\"og:description\" content=\"Stay in our 3 star hotel in La Trinit\u00e9-sur-Mer. A peaceful and cosy place in the heart of Brittany. Discover quickly our Villa !\" \/>\n<meta property=\"og:url\" content=\"https:\/\/www.lavillabelange.com\/en\/\" \/>\n<meta property=\"og:site_name\" content=\"H\u00f4tel Villa Bel Ange\" \/>\n<meta property=\"article:modified_time\" content=\"2024-10-06T12:57:07+00:00\" \/>\n<meta name=\"twitter:card\" content=\"summary_large_image\" \/>\n<script type=\"application\/ld+json\" class=\"yoast-schema-graph\">{\"@context\":\"https:\/\/schema.org\",\"@graph\":[{\"@type\":\"WebSite\",\"@id\":\"https:\/\/www.lavillabelange.com\/#website\",\"url\":\"https:\/\/www.lavillabelange.com\/\",\"name\":\"H\\u00f4tel Villa Bel Ange\",\"description\":\"H\\u00f4tel de charme 3 \\u00e9toiles\",\"inLanguage\":\"en-US\"},{\"@type\":\"WebPage\",\"@id\":\"https:\/\/www.lavillabelange.com\/en\/#webpage\",\"url\":\"https:\/\/www.lavillabelange.com\/en\/\",\"name\":\"Your 3 star hotel Villa Bel Ange in La Trinit\\u00e9-sur-Mer\",\"isPartOf\":{\"@id\":\"https:\/\/www.lavillabelange.com\/#website\"},\"datePublished\":\"2019-11-18T09:39:24+00:00\",\"dateModified\":\"2024-10-06T12:57:07+00:00\",\"description\":\"Stay in our 3 star hotel in La Trinit\\u00e9-sur-Mer. A peaceful and cosy place in the heart of Brittany. Discover quickly our Villa !\",\"breadcrumb\":{\"@id\":\"https:\/\/www.lavillabelange.com\/en\/#breadcrumb\"},\"inLanguage\":\"en-US\",\"potentialAction\":[{\"@type\":\"ReadAction\",\"target\":[\"https:\/\/www.lavillabelange.com\/en\/\"]}]},{\"@type\":\"BreadcrumbList\",\"@id\":\"https:\/\/www.lavillabelange.com\/en\/#breadcrumb\",\"itemListElement\":[{\"@type\":\"ListItem\",\"position\":1,\"name\":\"Home\",\"item\":\"https:\/\/www.lavillabelange.com\/en\/\"},{\"@type\":\"ListItem\",\"position\":2,\"name\":\"HOME\"}]}]}<\/script>\n<!-- \/ Yoast SEO plugin. -->","yoast_head_json":{"title":"Your 3 star hotel Villa Bel Ange in La Trinit\u00e9-sur-Mer","description":"Stay in our 3 star hotel in La Trinit\u00e9-sur-Mer. A peaceful and cosy place in the heart of Brittany. Discover quickly our Villa !","robots":{"index":"index","follow":"follow","max-snippet":"max-snippet:-1","max-image-preview":"max-image-preview:large","max-video-preview":"max-video-preview:-1"},"canonical":"https:\/\/www.lavillabelange.com\/en\/","og_locale":"en_US","og_type":"article","og_title":"Your 3 star hotel Villa Bel Ange in La Trinit\u00e9-sur-Mer","og_description":"Stay in our 3 star hotel in La Trinit\u00e9-sur-Mer. A peaceful and cosy place in the heart of Brittany. Discover quickly our Villa !","og_url":"https:\/\/www.lavillabelange.com\/en\/","og_site_name":"H\u00f4tel Villa Bel Ange","article_modified_time":"2024-10-06T12:57:07+00:00","twitter_card":"summary_large_image","schema":{"@context":"https:\/\/schema.org","@graph":[{"@type":"WebSite","@id":"https:\/\/www.lavillabelange.com\/#website","url":"https:\/\/www.lavillabelange.com\/","name":"H\u00f4tel Villa Bel Ange","description":"H\u00f4tel de charme 3 \u00e9toiles","inLanguage":"en-US"},{"@type":"WebPage","@id":"https:\/\/www.lavillabelange.com\/en\/#webpage","url":"https:\/\/www.lavillabelange.com\/en\/","name":"Your 3 star hotel Villa Bel Ange in La Trinit\u00e9-sur-Mer","isPartOf":{"@id":"https:\/\/www.lavillabelange.com\/#website"},"datePublished":"2019-11-18T09:39:24+00:00","dateModified":"2024-10-06T12:57:07+00:00","description":"Stay in our 3 star hotel in La Trinit\u00e9-sur-Mer. A peaceful and cosy place in the heart of Brittany. Discover quickly our Villa !","breadcrumb":{"@id":"https:\/\/www.lavillabelange.com\/en\/#breadcrumb"},"inLanguage":"en-US","potentialAction":[{"@type":"ReadAction","target":["https:\/\/www.lavillabelange.com\/en\/"]}]},{"@type":"BreadcrumbList","@id":"https:\/\/www.lavillabelange.com\/en\/#breadcrumb","itemListElement":[{"@type":"ListItem","position":1,"name":"Home","item":"https:\/\/www.lavillabelange.com\/en\/"},{"@type":"ListItem","position":2,"name":"HOME"}]}]}},"_links":{"self":[{"href":"https:\/\/www.lavillabelange.com\/en\/wp-json\/wp\/v2\/pages\/770"}],"collection":[{"href":"https:\/\/www.lavillabelange.com\/en\/wp-json\/wp\/v2\/pages"}],"about":[{"href":"https:\/\/www.lavillabelange.com\/en\/wp-json\/wp\/v2\/types\/page"}],"author":[{"embeddable":true,"href":"https:\/\/www.lavillabelange.com\/en\/wp-json\/wp\/v2\/users\/1"}],"replies":[{"embeddable":true,"href":"https:\/\/www.lavillabelange.com\/en\/wp-json\/wp\/v2\/comments?post=770"}],"version-history":[{"count":6,"href":"https:\/\/www.lavillabelange.com\/en\/wp-json\/wp\/v2\/pages\/770\/revisions"}],"predecessor-version":[{"id":1610,"href":"https:\/\/www.lavillabelange.com\/en\/wp-json\/wp\/v2\/pages\/770\/revisions\/1610"}],"wp:attachment":[{"href":"https:\/\/www.lavillabelange.com\/en\/wp-json\/wp\/v2\/media?parent=770"}],"curies":[{"name":"wp","href":"https:\/\/api.w.org\/{rel}","templated":true}]}}